{"id":832,"date":"2021-03-05T20:10:28","date_gmt":"2021-03-05T20:10:28","guid":{"rendered":"http:\/\/secretaire31.fr\/index.php\/about-us\/"},"modified":"2023-11-25T12:34:07","modified_gmt":"2023-11-25T11:34:07","slug":"about-us","status":"publish","type":"page","link":"https:\/\/secretaire31.fr\/index.php\/about-us\/","title":{"rendered":"About Us"},"content":{"rendered":"\t\t<div data-elementor-type=\"wp-page\" data-elementor-id=\"832\" class=\"elementor elementor-832\">\n\t\t\t\t\t\t\t\t\t<section class=\"elementor-section elementor-top-section elementor-element elementor-element-6952cf8 elementor-section-height-min-height elementor-section-boxed elementor-section-height-default elementor-section-items-middle\" data-id=\"6952cf8\" data-element_type=\"section\" data-settings=\"{&quot;background_background&quot;:&quot;classic&quot;}\">\n\t\t\t\t\t\t\t<div class=\"elementor-background-overlay\"><\/div>\n\t\t\t\t\t\t\t<div class=\"elementor-container elementor-column-gap-no\">\n\t\t\t\t\t<div class=\"elementor-column elementor-col-100 elementor-top-column elementor-element elementor-element-4c6db26\" data-id=\"4c6db26\" data-element_type=\"column\">\n\t\t\t<div class=\"elementor-widget-wrap elementor-element-populated\">\n\t\t\t\t\t\t\t\t<div class=\"elementor-element elementor-element-1be2bd6 elementor-widget__width-initial elementor-widget elementor-widget-text-editor\" data-id=\"1be2bd6\" data-element_type=\"widget\" data-widget_type=\"text-editor.default\">\n\t\t\t\t<div class=\"elementor-widget-container\">\n\t\t\t<style>\/*! elementor - v3.14.0 - 26-06-2023 *\/\n.elementor-widget-text-editor.elementor-drop-cap-view-stacked .elementor-drop-cap{background-color:#69727d;color:#fff}.elementor-widget-text-editor.elementor-drop-cap-view-framed .elementor-drop-cap{color:#69727d;border:3px solid;background-color:transparent}.elementor-widget-text-editor:not(.elementor-drop-cap-view-default) .elementor-drop-cap{margin-top:8px}.elementor-widget-text-editor:not(.elementor-drop-cap-view-default) .elementor-drop-cap-letter{width:1em;height:1em}.elementor-widget-text-editor .elementor-drop-cap{float:left;text-align:center;line-height:1;font-size:50px}.elementor-widget-text-editor .elementor-drop-cap-letter{display:inline-block}<\/style>\t\t\t\t<blockquote>\n<p><strong><em><span style=\"color: #ff9900;\">Vous avez besoin d&rsquo;un renfort ?&nbsp;<\/span><\/em><\/strong><\/p><p><strong><em><span style=\"color: #ff9900;\">Vous pouvez compter sur mon expertise.<\/span><\/em><\/strong><\/p>\n<\/blockquote>\t\t\t\t\t\t<\/div>\n\t\t\t\t<\/div>\n\t\t\t\t<div class=\"elementor-element elementor-element-558ce53 elementor-widget__width-initial elementor-widget elementor-widget-heading\" data-id=\"558ce53\" data-element_type=\"widget\" data-widget_type=\"heading.default\">\n\t\t\t\t<div class=\"elementor-widget-container\">\n\t\t\t<style>\/*! elementor - v3.14.0 - 26-06-2023 *\/\n.elementor-heading-title{padding:0;margin:0;line-height:1}.elementor-widget-heading .elementor-heading-title[class*=elementor-size-]>a{color:inherit;font-size:inherit;line-height:inherit}.elementor-widget-heading .elementor-heading-title.elementor-size-small{font-size:15px}.elementor-widget-heading .elementor-heading-title.elementor-size-medium{font-size:19px}.elementor-widget-heading .elementor-heading-title.elementor-size-large{font-size:29px}.elementor-widget-heading .elementor-heading-title.elementor-size-xl{font-size:39px}.elementor-widget-heading .elementor-heading-title.elementor-size-xxl{font-size:59px}<\/style><h1 class=\"elementor-heading-title elementor-size-default\">Votre secr\u00e9tariat juridique virtuel\n\n\n<\/h1>\t\t<\/div>\n\t\t\t\t<\/div>\n\t\t\t\t<div class=\"elementor-element elementor-element-1b5b5b9 elementor-widget elementor-widget-text-editor\" data-id=\"1b5b5b9\" data-element_type=\"widget\" data-widget_type=\"text-editor.default\">\n\t\t\t\t<div class=\"elementor-widget-container\">\n\t\t\t\t\t\t\t\t\t\t\t\t\t<\/div>\n\t\t\t\t<\/div>\n\t\t\t\t<div class=\"elementor-element elementor-element-b6c2875 elementor-widget elementor-widget-text-editor\" data-id=\"b6c2875\" data-element_type=\"widget\" data-widget_type=\"text-editor.default\">\n\t\t\t\t<div class=\"elementor-widget-container\">\n\t\t\t\t\t\t\t\t\t\t\t\t\t<\/div>\n\t\t\t\t<\/div>\n\t\t\t\t\t<\/div>\n\t\t<\/div>\n\t\t\t\t\t\t\t<\/div>\n\t\t<\/section>\n\t\t\t\t<section class=\"elementor-section elementor-top-section elementor-element elementor-element-c79a29d elementor-section-content-middle elementor-section-boxed elementor-section-height-default elementor-section-height-default\" data-id=\"c79a29d\" data-element_type=\"section\">\n\t\t\t\t\t\t<div class=\"elementor-container elementor-column-gap-no\">\n\t\t\t\t\t<div class=\"elementor-column elementor-col-50 elementor-top-column elementor-element elementor-element-ec4deda\" data-id=\"ec4deda\" data-element_type=\"column\">\n\t\t\t<div class=\"elementor-widget-wrap elementor-element-populated\">\n\t\t\t\t\t\t\t\t<div class=\"elementor-element elementor-element-0dfbf84 elementor-widget-divider--view-line elementor-widget elementor-widget-divider\" data-id=\"0dfbf84\" data-element_type=\"widget\" data-widget_type=\"divider.default\">\n\t\t\t\t<div class=\"elementor-widget-container\">\n\t\t\t<style>\/*! elementor - v3.14.0 - 26-06-2023 *\/\n.elementor-widget-divider{--divider-border-style:none;--divider-border-width:1px;--divider-color:#0c0d0e;--divider-icon-size:20px;--divider-element-spacing:10px;--divider-pattern-height:24px;--divider-pattern-size:20px;--divider-pattern-url:none;--divider-pattern-repeat:repeat-x}.elementor-widget-divider .elementor-divider{display:flex}.elementor-widget-divider .elementor-divider__text{font-size:15px;line-height:1;max-width:95%}.elementor-widget-divider .elementor-divider__element{margin:0 var(--divider-element-spacing);flex-shrink:0}.elementor-widget-divider .elementor-icon{font-size:var(--divider-icon-size)}.elementor-widget-divider .elementor-divider-separator{display:flex;margin:0;direction:ltr}.elementor-widget-divider--view-line_icon .elementor-divider-separator,.elementor-widget-divider--view-line_text .elementor-divider-separator{align-items:center}.elementor-widget-divider--view-line_icon .elementor-divider-separator:after,.elementor-widget-divider--view-line_icon .elementor-divider-separator:before,.elementor-widget-divider--view-line_text .elementor-divider-separator:after,.elementor-widget-divider--view-line_text .elementor-divider-separator:before{display:block;content:\"\";border-bottom:0;flex-grow:1;border-top:var(--divider-border-width) var(--divider-border-style) var(--divider-color)}.elementor-widget-divider--element-align-left .elementor-divider .elementor-divider-separator>.elementor-divider__svg:first-of-type{flex-grow:0;flex-shrink:100}.elementor-widget-divider--element-align-left .elementor-divider-separator:before{content:none}.elementor-widget-divider--element-align-left .elementor-divider__element{margin-left:0}.elementor-widget-divider--element-align-right .elementor-divider .elementor-divider-separator>.elementor-divider__svg:last-of-type{flex-grow:0;flex-shrink:100}.elementor-widget-divider--element-align-right .elementor-divider-separator:after{content:none}.elementor-widget-divider--element-align-right .elementor-divider__element{margin-right:0}.elementor-widget-divider:not(.elementor-widget-divider--view-line_text):not(.elementor-widget-divider--view-line_icon) .elementor-divider-separator{border-top:var(--divider-border-width) var(--divider-border-style) var(--divider-color)}.elementor-widget-divider--separator-type-pattern{--divider-border-style:none}.elementor-widget-divider--separator-type-pattern.elementor-widget-divider--view-line .elementor-divider-separator,.elementor-widget-divider--separator-type-pattern:not(.elementor-widget-divider--view-line) .elementor-divider-separator:after,.elementor-widget-divider--separator-type-pattern:not(.elementor-widget-divider--view-line) .elementor-divider-separator:before,.elementor-widget-divider--separator-type-pattern:not([class*=elementor-widget-divider--view]) .elementor-divider-separator{width:100%;min-height:var(--divider-pattern-height);-webkit-mask-size:var(--divider-pattern-size) 100%;mask-size:var(--divider-pattern-size) 100%;-webkit-mask-repeat:var(--divider-pattern-repeat);mask-repeat:var(--divider-pattern-repeat);background-color:var(--divider-color);-webkit-mask-image:var(--divider-pattern-url);mask-image:var(--divider-pattern-url)}.elementor-widget-divider--no-spacing{--divider-pattern-size:auto}.elementor-widget-divider--bg-round{--divider-pattern-repeat:round}.rtl .elementor-widget-divider .elementor-divider__text{direction:rtl}.e-con-inner>.elementor-widget-divider,.e-con>.elementor-widget-divider{width:var(--container-widget-width,100%);--flex-grow:var(--container-widget-flex-grow)}<\/style>\t\t<div class=\"elementor-divider\">\n\t\t\t<span class=\"elementor-divider-separator\">\n\t\t\t\t\t\t<\/span>\n\t\t<\/div>\n\t\t\t\t<\/div>\n\t\t\t\t<\/div>\n\t\t\t\t<div class=\"elementor-element elementor-element-f1f4c22 elementor-widget elementor-widget-heading\" data-id=\"f1f4c22\" data-element_type=\"widget\" data-widget_type=\"heading.default\">\n\t\t\t\t<div class=\"elementor-widget-container\">\n\t\t\t<h2 class=\"elementor-heading-title elementor-size-default\">A propos<br><\/h2>\t\t<\/div>\n\t\t\t\t<\/div>\n\t\t\t\t<div class=\"elementor-element elementor-element-97fa7a9 elementor-widget elementor-widget-image\" data-id=\"97fa7a9\" data-element_type=\"widget\" data-widget_type=\"image.default\">\n\t\t\t\t<div class=\"elementor-widget-container\">\n\t\t\t<style>\/*! elementor - v3.14.0 - 26-06-2023 *\/\n.elementor-widget-image{text-align:center}.elementor-widget-image a{display:inline-block}.elementor-widget-image a img[src$=\".svg\"]{width:48px}.elementor-widget-image img{vertical-align:middle;display:inline-block}<\/style>\t\t\t\t\t\t\t\t\t<figure class=\"wp-caption\">\n\t\t\t\t\t\t\t\t\t\t<img loading=\"lazy\" decoding=\"async\" width=\"2400\" height=\"1600\" src=\"https:\/\/secretaire31.fr\/wp-content\/uploads\/2021\/03\/appointment-bg.jpg\" class=\"attachment-full size-full wp-image-135\" alt=\"\" srcset=\"https:\/\/secretaire31.fr\/wp-content\/uploads\/2021\/03\/appointment-bg.jpg 2400w, https:\/\/secretaire31.fr\/wp-content\/uploads\/2021\/03\/appointment-bg-300x200.jpg 300w, https:\/\/secretaire31.fr\/wp-content\/uploads\/2021\/03\/appointment-bg-1024x683.jpg 1024w, https:\/\/secretaire31.fr\/wp-content\/uploads\/2021\/03\/appointment-bg-768x512.jpg 768w, https:\/\/secretaire31.fr\/wp-content\/uploads\/2021\/03\/appointment-bg-1536x1024.jpg 1536w, https:\/\/secretaire31.fr\/wp-content\/uploads\/2021\/03\/appointment-bg-2048x1365.jpg 2048w\" sizes=\"auto, (max-width: 2400px) 100vw, 2400px\" \/>\t\t\t\t\t\t\t\t\t\t\t<figcaption class=\"widget-image-caption wp-caption-text\"><\/figcaption>\n\t\t\t\t\t\t\t\t\t\t<\/figure>\n\t\t\t\t\t\t\t\t\t<\/div>\n\t\t\t\t<\/div>\n\t\t\t\t<div class=\"elementor-element elementor-element-397fb93 elementor-widget elementor-widget-text-editor\" data-id=\"397fb93\" data-element_type=\"widget\" data-widget_type=\"text-editor.default\">\n\t\t\t\t<div class=\"elementor-widget-container\">\n\t\t\t\t\t\t\t<p style=\"text-align: center;\">\u00a0GESTION DES FORMALITES DES ENTREPRISES\u00a0 &#8211;\u00a0 TRANSCRIPTION D&rsquo;ACTES ET COURRIERS JURIDIQUES<\/p>\t\t\t\t\t\t<\/div>\n\t\t\t\t<\/div>\n\t\t\t\t<section class=\"elementor-section elementor-inner-section elementor-element elementor-element-7ab1f3a elementor-section-boxed elementor-section-height-default elementor-section-height-default\" data-id=\"7ab1f3a\" data-element_type=\"section\">\n\t\t\t\t\t\t<div class=\"elementor-container elementor-column-gap-default\">\n\t\t\t\t\t<div class=\"elementor-column elementor-col-33 elementor-inner-column elementor-element elementor-element-f96220f\" data-id=\"f96220f\" data-element_type=\"column\">\n\t\t\t<div class=\"elementor-widget-wrap elementor-element-populated\">\n\t\t\t\t\t\t\t\t<div class=\"elementor-element elementor-element-e80f934 elementor-widget__width-initial elementor-widget elementor-widget-text-editor\" data-id=\"e80f934\" data-element_type=\"widget\" data-widget_type=\"text-editor.default\">\n\t\t\t\t<div class=\"elementor-widget-container\">\n\t\t\t\t\t\t\t<p style=\"text-align: center;\" align=\"LEFT\"><strong><span style=\"color: #000000;\"><span style=\"font-family: Inconsolata variant0, Tofu;\"><span style=\"font-size: medium;\">SECRETAIRE2SECOURS31 (EI)<\/span><\/span><\/span><\/strong><span style=\"color: #000000; font-family: Segoe Script, serif; font-size: small;\">\u00a0 _______________<\/span><\/p><p style=\"text-align: center;\" align=\"LEFT\"><span style=\"color: #000000;\"><span style=\"font-family: Segoe Script, serif;\"><span style=\"font-size: small;\">\u00a0CONTACT<\/span><\/span><\/span><\/p><p style=\"text-align: center;\" align=\"LEFT\"><span style=\"color: #000000; font-family: Segoe Script, serif; font-size: small;\">\u00a006.84.38.10.84\u00a0 \u00a0contact@secretaire31.fr<\/span><\/p><p style=\"text-align: center;\" align=\"LEFT\">\u00a0<\/p>\t\t\t\t\t\t<\/div>\n\t\t\t\t<\/div>\n\t\t\t\t<div class=\"elementor-element elementor-element-569e734 elementor-align-center elementor-widget elementor-widget-button\" data-id=\"569e734\" data-element_type=\"widget\" data-widget_type=\"button.default\">\n\t\t\t\t<div class=\"elementor-widget-container\">\n\t\t\t\t\t<div class=\"elementor-button-wrapper\">\n\t\t\t<a class=\"elementor-button elementor-button-link elementor-size-sm\" href=\"index.php\/contact\/\">\n\t\t\t\t\t\t<span class=\"elementor-button-content-wrapper\">\n\t\t\t\t\t\t<span class=\"elementor-button-text\">Formulaire de contact<\/span>\n\t\t<\/span>\n\t\t\t\t\t<\/a>\n\t\t<\/div>\n\t\t\t\t<\/div>\n\t\t\t\t<\/div>\n\t\t\t\t\t<\/div>\n\t\t<\/div>\n\t\t\t\t<div class=\"elementor-column elementor-col-66 elementor-inner-column elementor-element elementor-element-568a647\" data-id=\"568a647\" data-element_type=\"column\">\n\t\t\t<div class=\"elementor-widget-wrap elementor-element-populated\">\n\t\t\t\t\t\t\t\t<div class=\"elementor-element elementor-element-1103db5 elementor-widget__width-initial e-transform e-transform elementor-widget elementor-widget-text-editor\" data-id=\"1103db5\" data-element_type=\"widget\" data-settings=\"{&quot;_transform_scale_effect&quot;:{&quot;unit&quot;:&quot;px&quot;,&quot;size&quot;:0.9,&quot;sizes&quot;:[]},&quot;_transform_translateX_effect&quot;:{&quot;unit&quot;:&quot;px&quot;,&quot;size&quot;:&quot;&quot;,&quot;sizes&quot;:[]},&quot;_transform_translateX_effect_tablet&quot;:{&quot;unit&quot;:&quot;px&quot;,&quot;size&quot;:&quot;&quot;,&quot;sizes&quot;:[]},&quot;_transform_translateX_effect_mobile&quot;:{&quot;unit&quot;:&quot;px&quot;,&quot;size&quot;:&quot;&quot;,&quot;sizes&quot;:[]},&quot;_transform_translateY_effect&quot;:{&quot;unit&quot;:&quot;px&quot;,&quot;size&quot;:&quot;&quot;,&quot;sizes&quot;:[]},&quot;_transform_translateY_effect_tablet&quot;:{&quot;unit&quot;:&quot;px&quot;,&quot;size&quot;:&quot;&quot;,&quot;sizes&quot;:[]},&quot;_transform_translateY_effect_mobile&quot;:{&quot;unit&quot;:&quot;px&quot;,&quot;size&quot;:&quot;&quot;,&quot;sizes&quot;:[]},&quot;_transform_scale_effect_tablet&quot;:{&quot;unit&quot;:&quot;px&quot;,&quot;size&quot;:&quot;&quot;,&quot;sizes&quot;:[]},&quot;_transform_scale_effect_mobile&quot;:{&quot;unit&quot;:&quot;px&quot;,&quot;size&quot;:&quot;&quot;,&quot;sizes&quot;:[]}}\" data-widget_type=\"text-editor.default\">\n\t\t\t\t<div class=\"elementor-widget-container\">\n\t\t\t\t\t\t\t<p align=\"JUSTIFY\">Bonjour,<\/p><p align=\"JUSTIFY\">Je m&rsquo;appelle V\u00e9ronique RODRIGUEZ, je suis secr\u00e9taire juridique ind\u00e9pendante pour le compte de l&rsquo;entreprise individuelle \u00ab\u00a0SECRETAIRE2SECOURS31\u00a0\u00bb depuis 2018 et je suis \u00e9panouie dans mon travail.<\/p><p align=\"JUSTIFY\">J&rsquo;interviens aupr\u00e8s des avocats sp\u00e9cialis\u00e9s en droit des soci\u00e9t\u00e9s et des entrepreneurs d\u00e9j\u00e0 \u00e9tablis ou en devenir pour les assister dans les op\u00e9rations li\u00e9es \u00e0 la constitution, \u00e0 la modification, \u00e0 la transformation, \u00e0 la fermeture des soci\u00e9t\u00e9s, ainsi que pour les formalit\u00e9s de publicit\u00e9 et d&rsquo;enregistrement.<\/p><p align=\"JUSTIFY\">Mais ce n&rsquo;est pas tout ! je fournis \u00e9galement un service de transcription d&rsquo;actes et courriers juridiques aux avocats et aux huissiers de justice.<\/p><p align=\"JUSTIFY\">Titulaire d&rsquo;un BAC G1 en secr\u00e9tariat, j&rsquo;ai commenc\u00e9 ma carri\u00e8re en tant que secr\u00e9taire pendant 4 ans dans le secteur de l&rsquo;enseignement. Bien que cela ait \u00e9t\u00e9 une exp\u00e9rience enrichissante, j&rsquo;ai rapidement r\u00e9alis\u00e9 que ma v\u00e9ritable passion r\u00e9sidait dans le domaine du droit.<\/p><p align=\"JUSTIFY\">C&rsquo;est pourquoi j&rsquo;ai d\u00e9cid\u00e9 de me tourner vers les professionnels du secteur juridique et j&rsquo;ai eu l&rsquo;opportunit\u00e9 de travailler pendant 6 ans en tant que secr\u00e9taire juridique au sein d&rsquo;un cabinet d&rsquo;avocats aux comp\u00e9tences pluridisciplinaires.<\/p><p align=\"JUSTIFY\">Mon objectif \u00e9tait d&rsquo;obtenir plus de responsabilit\u00e9s et de d\u00e9velopper de nouvelles comp\u00e9tences et gr\u00e2ce \u00e0 ma d\u00e9termination, j&rsquo;ai r\u00e9ussi \u00e0 les atteindre.<\/p><p align=\"JUSTIFY\">Pour ce faire, pendant cette p\u00e9riode, j&rsquo;ai suivi une formation en secr\u00e9tariat juridique \u00e0 l&rsquo;Ecole Nationale de Droit et de Proc\u00e9dure pour le personnel des avocats (Enadep).<\/p><p align=\"JUSTIFY\">Cette formation m&rsquo;a permis de ma\u00eetriser tous les aspects du m\u00e9tier et s&rsquo;est achev\u00e9e par l&rsquo;obtention de mon dipl\u00f4me et l&rsquo;acquisition de la sp\u00e9cialisation de secr\u00e9taire juridique.<\/p><p align=\"JUSTIFY\">Forte de toutes ces comp\u00e9tences, j&rsquo;ai d\u00e9cid\u00e9 de cr\u00e9er mon\u00a0 entreprise individuelle de secr\u00e9tariat juridique en 2018.<\/p><p align=\"JUSTIFY\">Mes premi\u00e8res missions consistaient en la transcription d&rsquo;entretiens, d&rsquo;interviews, de conf\u00e9rences et de r\u00e9unions.<\/p><p align=\"JUSTIFY\">Bien que cela ait \u00e9t\u00e9 un excellent entra\u00eenement en tant qu&rsquo;ind\u00e9pendante, mon v\u00e9ritable objectif \u00e9tait de travailler avec des professionnels du droit. C&rsquo;est ainsi que des avocats et des huissiers de justice ont commenc\u00e9 \u00e0 me contacter, lan\u00e7ant v\u00e9ritablement mon aventure professionnelle ind\u00e9pendante.<\/p><p align=\"JUSTIFY\">Lorsqu&rsquo;il s&rsquo;agit de formalit\u00e9s des entreprises, il suffit d&rsquo;un document non conforme ou d&rsquo;un dossier incomplet pour que votre demande soit rejet\u00e9e.<\/p><p align=\"JUSTIFY\">Pour \u00e9viter ces d\u00e9sagr\u00e9ments et vous permettre de gagner du temps, je vous propose de me confier la gestion des formalit\u00e9s juridiques. Gr\u00e2ce \u00e0 mon expertise, vous pourrez vous consacrer enti\u00e8rement et sereinement \u00e0 votre coeur de m\u00e9tier.<\/p><p align=\"JUSTIFY\">La transcription juridique requiert une grande concentration, une excellente ma\u00eetrise de l&rsquo;orthographe, ainsi qu&rsquo;une connaissance approfondie des termes juridiques et des proc\u00e9dures.<\/p><p align=\"JUSTIFY\">Cela exige aussi un investissement en temps, ce que vous n&rsquo;avez pas forc\u00e9ment dans votre quotidien professionnel.<\/p><p align=\"JUSTIFY\">C&rsquo;est pourquoi je mets \u00e0 votre disposition mon temps et mon savoir-faire afin de vous fournir des documents de qualit\u00e9, conforme aux habitudes r\u00e9dactionnelles de votre Cabinet ou Etude, tout en respectant les d\u00e9lais impartis et la confidentialit\u00e9 des informations que vous me confiez.<\/p><p align=\"JUSTIFY\">Pour prendre contact avec moi, je vous invite \u00e0 utiliser le formulaire en ligne pr\u00e9vu \u00e0 cet effet afin que je puisse r\u00e9pondre efficacement \u00e0 vos besoins.<\/p>\t\t\t\t\t\t<\/div>\n\t\t\t\t<\/div>\n\t\t\t\t<div class=\"elementor-element elementor-element-38a587b elementor-view-default elementor-widget elementor-widget-icon\" data-id=\"38a587b\" data-element_type=\"widget\" data-widget_type=\"icon.default\">\n\t\t\t\t<div class=\"elementor-widget-container\">\n\t\t\t\t\t<div class=\"elementor-icon-wrapper\">\n\t\t\t<div class=\"elementor-icon\">\n\t\t\t<i aria-hidden=\"true\" class=\"fas fa-hand-point-down\"><\/i>\t\t\t<\/div>\n\t\t<\/div>\n\t\t\t\t<\/div>\n\t\t\t\t<\/div>\n\t\t\t\t<div class=\"elementor-element elementor-element-2e73730 elementor-align-center elementor-widget elementor-widget-button\" data-id=\"2e73730\" data-element_type=\"widget\" data-widget_type=\"button.default\">\n\t\t\t\t<div class=\"elementor-widget-container\">\n\t\t\t\t\t<div class=\"elementor-button-wrapper\">\n\t\t\t<a class=\"elementor-button elementor-button-link elementor-size-sm\" href=\"http:\/\/secretaire31.fr\/index.php\/contact\/\">\n\t\t\t\t\t\t<span class=\"elementor-button-content-wrapper\">\n\t\t\t\t\t\t<span class=\"elementor-button-text\">CONTACTEZ-MOI<\/span>\n\t\t<\/span>\n\t\t\t\t\t<\/a>\n\t\t<\/div>\n\t\t\t\t<\/div>\n\t\t\t\t<\/div>\n\t\t\t\t\t<\/div>\n\t\t<\/div>\n\t\t\t\t\t\t\t<\/div>\n\t\t<\/section>\n\t\t\t\t\t<\/div>\n\t\t<\/div>\n\t\t\t\t<div class=\"elementor-column elementor-col-50 elementor-top-column elementor-element elementor-element-c59473d\" data-id=\"c59473d\" data-element_type=\"column\">\n\t\t\t<div class=\"elementor-widget-wrap elementor-element-populated\">\n\t\t\t\t\t\t\t\t<div class=\"elementor-element elementor-element-8467e36 elementor-widget elementor-widget-image\" data-id=\"8467e36\" data-element_type=\"widget\" data-widget_type=\"image.default\">\n\t\t\t\t<div class=\"elementor-widget-container\">\n\t\t\t\t\t\t\t\t\t\t\t\t\t\t\t<img loading=\"lazy\" decoding=\"async\" width=\"328\" height=\"154\" src=\"https:\/\/secretaire31.fr\/wp-content\/uploads\/2023\/07\/IMAGE-SECRETAIRE-JURIDIQUE.jpg\" class=\"attachment-large size-large wp-image-1175\" alt=\"\" srcset=\"https:\/\/secretaire31.fr\/wp-content\/uploads\/2023\/07\/IMAGE-SECRETAIRE-JURIDIQUE.jpg 328w, https:\/\/secretaire31.fr\/wp-content\/uploads\/2023\/07\/IMAGE-SECRETAIRE-JURIDIQUE-300x141.jpg 300w\" sizes=\"auto, (max-width: 328px) 100vw, 328px\" \/>\t\t\t\t\t\t\t\t\t\t\t\t\t\t\t<\/div>\n\t\t\t\t<\/div>\n\t\t\t\t\t<\/div>\n\t\t<\/div>\n\t\t\t\t\t\t\t<\/div>\n\t\t<\/section>\n\t\t\t\t\t\t\t<\/div>\n\t\t","protected":false},"excerpt":{"rendered":"<p>Vous avez besoin d&rsquo;un renfort ?&nbsp; Vous pouvez compter sur mon expertise. Votre secr\u00e9tariat juridique virtuel A propos \u00a0GESTION DES FORMALITES DES ENTREPRISES\u00a0 &#8211;\u00a0 TRANSCRIPTION D&rsquo;ACTES ET COURRIERS JURIDIQUES SECRETAIRE2SECOURS31 (EI)\u00a0 _______________ \u00a0CONTACT \u00a006.84.38.10.84\u00a0 \u00a0contact@secretaire31.fr \u00a0 Formulaire de contact Bonjour, Je m&rsquo;appelle V\u00e9ronique RODRIGUEZ, je suis secr\u00e9taire juridique ind\u00e9pendante pour le compte de l&rsquo;entreprise individuelle &hellip;<\/p>\n<p class=\"read-more\"> <a class=\"\" href=\"https:\/\/secretaire31.fr\/index.php\/about-us\/\"> <span class=\"screen-reader-text\">About Us<\/span> Lire la suite\u00a0\u00bb<\/a><\/p>\n","protected":false},"author":1,"featured_media":0,"parent":0,"menu_order":0,"comment_status":"closed","ping_status":"closed","template":"","meta":{"site-sidebar-layout":"no-sidebar","site-content-layout":"page-builder","ast-global-header-display":"","ast-banner-title-visibility":"","ast-main-header-display":"","ast-hfb-above-header-display":"","ast-hfb-below-header-display":"","ast-hfb-mobile-header-display":"","site-post-title":"disabled","ast-breadcrumbs-content":"disabled","ast-featured-img":"disabled","footer-sml-layout":"","theme-transparent-header-meta":"enabled","adv-header-id-meta":"","stick-header-meta":"","header-above-stick-meta":"","header-main-stick-meta":"","header-below-stick-meta":"","footnotes":""},"class_list":["post-832","page","type-page","status-publish","hentry"],"_links":{"self":[{"href":"https:\/\/secretaire31.fr\/index.php\/wp-json\/wp\/v2\/pages\/832","targetHints":{"allow":["GET"]}}],"collection":[{"href":"https:\/\/secretaire31.fr\/index.php\/wp-json\/wp\/v2\/pages"}],"about":[{"href":"https:\/\/secretaire31.fr\/index.php\/wp-json\/wp\/v2\/types\/page"}],"author":[{"embeddable":true,"href":"https:\/\/secretaire31.fr\/index.php\/wp-json\/wp\/v2\/users\/1"}],"replies":[{"embeddable":true,"href":"https:\/\/secretaire31.fr\/index.php\/wp-json\/wp\/v2\/comments?post=832"}],"version-history":[{"count":189,"href":"https:\/\/secretaire31.fr\/index.php\/wp-json\/wp\/v2\/pages\/832\/revisions"}],"predecessor-version":[{"id":3180,"href":"https:\/\/secretaire31.fr\/index.php\/wp-json\/wp\/v2\/pages\/832\/revisions\/3180"}],"wp:attachment":[{"href":"https:\/\/secretaire31.fr\/index.php\/wp-json\/wp\/v2\/media?parent=832"}],"curies":[{"name":"wp","href":"https:\/\/api.w.org\/{rel}","templated":true}]}}